{"id":50,"date":"2018-10-24T21:05:08","date_gmt":"2018-10-25T00:05:08","guid":{"rendered":"http:\/\/190.124.224.150\/cursowp\/est_aplicada_FAUD\/?page_id=50"},"modified":"2022-03-07T08:49:43","modified_gmt":"2022-03-07T11:49:43","slug":"unidades-tematicas","status":"publish","type":"page","link":"https:\/\/www.est-aplicada.faud.unsj.edu.ar\/index.php\/unidades-tematicas\/","title":{"rendered":"Cursado Virtual 2022"},"content":{"rendered":"\n<p><strong>D\u00cdAS Y HORARIO DE CLASE:<em> <\/em><\/strong>Mi\u00e9rcoles 8.00hs a 10.30hs.<\/p>\n\n\n\n<p><strong>Dictado Virtual, Sala BBB:<\/strong> <strong>https:\/\/conferencias.unsj.edu.ar\/b\/gab-v7f-ery<\/strong><\/p>\n\n\n\n<hr class=\"wp-block-separator is-style-wide\"\/>\n\n\n\n<h2 class=\"has-text-align-center wp-block-heading\"><strong>HORARIOS DE CONSULTA DE EQUIPO DE C\u00c1TEDRA:<\/strong><\/h2>\n\n\n\n<figure class=\"wp-block-table aligncenter\"><table><tbody><tr><td class=\"has-text-align-center\" data-align=\"center\">   <strong>Nombre y Apellido<\/strong>   <\/td><td class=\"has-text-align-center\" data-align=\"center\">\n  <strong>&nbsp;<\/strong>\n  <strong>D\u00eda y hora de consulta<\/strong>\n  <strong>&nbsp;<\/strong>\n  <\/td><\/tr><tr><td class=\"has-text-align-center\" data-align=\"center\">Arq. Erica MINET BRAVO<\/td><td class=\"has-text-align-center\" data-align=\"center\"> A confirmar<\/td><\/tr><tr><td class=\"has-text-align-center\" data-align=\"center\">D.I. Gabriel PENISI<\/td><td class=\"has-text-align-center\" data-align=\"center\">   A confirmar<\/td><\/tr><tr><td class=\"has-text-align-center\" data-align=\"center\">Arq. P\u00eda Yanz\u00f3n<\/td><td class=\"has-text-align-center\" data-align=\"center\">A confirmar<\/td><\/tr><\/tbody><\/table><\/figure>\n\n\n\n<hr class=\"wp-block-separator has-text-color has-background is-style-wide\" style=\"background-color:#ba0c49;color:#ba0c49\"\/>\n\n\n\n<h2 class=\"has-text-align-center has-text-color wp-block-heading\" style=\"color:#ba0c49;font-size:38px\">UNIDAD TEM\u00c1TICA N\u00b01 &#8211; 2021<\/h2>\n\n\n\n<h2 class=\"has-text-align-center has-text-color wp-block-heading\" style=\"color:#ba0c49;font-size:38px\">TRABAJO PR\u00c1CTICO N\u00b01 &#8211; 2021<\/h2>\n\n\n\n<div class=\"wp-block-columns is-layout-flex wp-container-core-columns-is-layout-9d6595d7 wp-block-columns-is-layout-flex\">\n<div class=\"wp-block-column is-layout-flow wp-block-column-is-layout-flow\">\n<p class=\"wp-block-pdfemb-pdf-embedder-viewer\"><\/p>\n<\/div>\n\n\n\n<div class=\"wp-block-column is-layout-flow wp-block-column-is-layout-flow\">\n<p class=\"wp-block-pdfemb-pdf-embedder-viewer\"><\/p>\n<\/div>\n<\/div>\n\n\n\n<h2 class=\"wp-block-heading\"><strong>Grabaciones de Videoclases Unidad N\u00b0 1<\/strong>:<\/h2>\n\n\n\n<ul class=\"wp-block-list\"><li>Grabaci\u00f3n 10\/03\/2021: <a rel=\"noreferrer noopener\" href=\"https:\/\/scalelite.unsj.edu.ar\/playback\/presentation\/2.0\/playback.html?meetingId=743e3325856bea83caab43487d434ebc9b66f980-1615375558221\" target=\"_blank\"><strong>https:\/\/scalelite.unsj.edu.ar\/playback\/presentation\/2.0\/playback.html?meetingId=743e3325856bea83caab43487d434ebc9b66f980-1615375558221<\/strong><\/a><\/li><li>Grabaci\u00f3n 17\/03\/2021: <a rel=\"noreferrer noopener\" href=\"https:\/\/scalelite.unsj.edu.ar\/playback\/presentation\/2.0\/playback.html?meetingId=743e3325856bea83caab43487d434ebc9b66f980-1615980288389\" target=\"_blank\"><strong>https:\/\/scalelite.unsj.edu.ar\/playback\/presentation\/2.0\/playback.html?meetingId=743e3325856bea83caab43487d434ebc9b66f980-1615980288389<\/strong><\/a><\/li><\/ul>\n\n\n\n<h2 class=\"wp-block-heading\"><strong>Grabaci\u00f3n de Videoclases Trabajo Pr\u00e1ctico N\u00b0 1<\/strong><\/h2>\n\n\n\n<ul class=\"wp-block-list\"><li>Grabaci\u00f3n 07\/04\/2021: <a href=\"https:\/\/scalelite.unsj.edu.ar\/playback\/presentation\/2.0\/playback.html?meetingId=743e3325856bea83caab43487d434ebc9b66f980-1617794781621\" target=\"_blank\" rel=\"noreferrer noopener\"><strong>https:\/\/scalelite.unsj.edu.ar\/playback\/presentation\/2.0\/playback.html?meetingId=743e3325856bea83caab43487d434ebc9b66f980-1617794781621<\/strong><\/a><\/li><\/ul>\n\n\n\n<hr class=\"wp-block-separator has-text-color has-background is-style-wide\" style=\"background-color:#ba0c49;color:#ba0c49\"\/>\n\n\n\n<h2 class=\"has-text-align-center has-text-color wp-block-heading\" style=\"color:#ba0c49;font-size:38px\">UNIDAD TEM\u00c1TICA N\u00b02 &#8211; 2021<\/h2>\n\n\n\n<h2 class=\"has-text-align-center has-text-color wp-block-heading\" style=\"color:#ba0c49;font-size:38px\">TRABAJO PR\u00c1CTICO N\u00b02 &#8211; 2021<\/h2>\n\n\n\n<div class=\"wp-block-columns is-layout-flex wp-container-core-columns-is-layout-9d6595d7 wp-block-columns-is-layout-flex\">\n<div class=\"wp-block-column is-layout-flow wp-block-column-is-layout-flow\">\n<p class=\"wp-block-pdfemb-pdf-embedder-viewer\"><\/p>\n<\/div>\n\n\n\n<div class=\"wp-block-column is-layout-flow wp-block-column-is-layout-flow\">\n<p class=\"wp-block-pdfemb-pdf-embedder-viewer\"><\/p>\n<\/div>\n<\/div>\n\n\n\n<h2 class=\"wp-block-heading\"><strong>Grabaciones de Videoclases Unidad N\u00b0 2<\/strong>:<\/h2>\n\n\n\n<ul class=\"wp-block-list\"><li>Grabaci\u00f3n 31\/03\/2021: <a rel=\"noreferrer noopener\" href=\"https:\/\/scalelite.unsj.edu.ar\/playback\/presentation\/2.0\/playback.html?meetingId=743e3325856bea83caab43487d434ebc9b66f980-1617190175005\" target=\"_blank\"><strong>https:\/\/scalelite.unsj.edu.ar\/playback\/presentation\/2.0\/playback.html?meetingId=743e3325856bea83caab43487d434ebc9b66f980-1617190175005<\/strong><\/a><\/li><li>Grabaci\u00f3n 14\/04\/2021: <a href=\"https:\/\/scalelite.unsj.edu.ar\/playback\/presentation\/2.0\/playback.html?meetingId=743e3325856bea83caab43487d434ebc9b66f980-1618399658013\" target=\"_blank\" rel=\"noreferrer noopener\"><strong>https:\/\/scalelite.unsj.edu.ar\/playback\/presentation\/2.0\/playback.html?meetingId=743e3325856bea83caab43487d434ebc9b66f980-1618399658013<\/strong><\/a><\/li><\/ul>\n\n\n\n<h2 class=\"wp-block-heading\"><strong>Grabaci\u00f3n de Videoclases Trabajo Pr\u00e1ctico N\u00b0 2<\/strong><\/h2>\n\n\n\n<ul class=\"wp-block-list\"><li>Grabaci\u00f3n 28\/04\/2021 Comienza en el minuto 87: <a href=\"https:\/\/scalelite.unsj.edu.ar\/playback\/presentation\/2.0\/playback.html?meetingId=743e3325856bea83caab43487d434ebc9b66f980-1619609036358\"><strong>https:\/\/scalelite.unsj.edu.ar\/playback\/presentation\/2.0\/playback.html?meetingId=743e3325856bea83caab43487d434ebc9b66f980-1619609036358<\/strong><\/a><\/li><\/ul>\n\n\n\n<hr class=\"wp-block-separator has-text-color has-background is-style-wide\" style=\"background-color:#ba0c49;color:#ba0c49\"\/>\n\n\n\n<h2 class=\"has-text-align-center has-text-color wp-block-heading\" style=\"color:#ba0c49;font-size:38px\">UNIDAD TEM\u00c1TICA N\u00b03 &#8211; 2021<\/h2>\n\n\n\n<h2 class=\"has-text-align-center has-text-color wp-block-heading\" style=\"color:#ba0c49;font-size:38px\">TRABAJO PR\u00c1CTICO N\u00b03 &#8211; 2021<\/h2>\n\n\n\n<div class=\"wp-block-columns is-layout-flex wp-container-core-columns-is-layout-9d6595d7 wp-block-columns-is-layout-flex\">\n<div class=\"wp-block-column is-layout-flow wp-block-column-is-layout-flow\">\n<p class=\"wp-block-pdfemb-pdf-embedder-viewer\"><\/p>\n<\/div>\n\n\n\n<div class=\"wp-block-column is-layout-flow wp-block-column-is-layout-flow\">\n<p class=\"wp-block-pdfemb-pdf-embedder-viewer\"><\/p>\n<\/div>\n<\/div>\n\n\n\n<h2 class=\"wp-block-heading\"><strong>Grabaciones de Videoclases Unidad N\u00b0 3<\/strong>:<\/h2>\n\n\n\n<ul class=\"wp-block-list\"><li>Grabaci\u00f3n 28\/04\/2021: <a href=\"https:\/\/scalelite.unsj.edu.ar\/playback\/presentation\/2.0\/playback.html?meetingId=743e3325856bea83caab43487d434ebc9b66f980-1619609036358\"><strong>https:\/\/scalelite.unsj.edu.ar\/playback\/presentation\/2.0\/playback.html?meetingId=743e3325856bea83caab43487d434ebc9b66f980-1619609036358<\/strong><\/a><\/li><li>Grabaci\u00f3n 05\/05\/2021: <a rel=\"noreferrer noopener\" href=\"https:\/\/scalelite.unsj.edu.ar\/playback\/presentation\/2.0\/playback.html?meetingId=743e3325856bea83caab43487d434ebc9b66f980-1620214040061\" target=\"_blank\"><strong>https:\/\/scalelite.unsj.edu.ar\/playback\/presentation\/2.0\/playback.html?meetingId=743e3325856bea83caab43487d434ebc9b66f980-1620214040061<\/strong><\/a><\/li><\/ul>\n\n\n\n<h2 class=\"wp-block-heading\"><strong>Grabaci\u00f3n de Videoclases Trabajo Pr\u00e1ctico N\u00b0 3<\/strong><\/h2>\n\n\n\n<ul class=\"wp-block-list\"><li>Grabaci\u00f3n 28\/04\/2021 del minuto 00:00 al 50:00 al : <a rel=\"noreferrer noopener\" href=\"https:\/\/scalelite.unsj.edu.ar\/playback\/presentation\/2.0\/playback.html?meetingId=743e3325856bea83caab43487d434ebc9b66f980-1620818722525\" target=\"_blank\"><strong>https:\/\/scalelite.unsj.edu.ar\/playback\/presentation\/2.0\/playback.html?meetingId=743e3325856bea83caab43487d434ebc9b66f980-1620818722525<\/strong><\/a><\/li><\/ul>\n\n\n\n<hr class=\"wp-block-separator has-text-color has-background is-style-wide\" style=\"background-color:#ba0c49;color:#ba0c49\"\/>\n\n\n\n<h2 class=\"has-text-align-center has-text-color wp-block-heading\" style=\"color:#ba0c49;font-size:38px\">UNIDAD TEM\u00c1TICA N\u00b04 &#8211; 2021<\/h2>\n\n\n\n<h2 class=\"has-text-align-center has-text-color wp-block-heading\" style=\"color:#ba0c49;font-size:38px\">TRABAJO PR\u00c1CTICO N\u00b04 &#8211; 2021<\/h2>\n\n\n\n<h2 class=\"has-text-align-center has-text-color wp-block-heading\" style=\"color:#ba0c49;font-size:38px\">GRUPOS PARA EL TP N\u00b04<\/h2>\n\n\n\n<div class=\"wp-block-columns is-layout-flex wp-container-core-columns-is-layout-9d6595d7 wp-block-columns-is-layout-flex\">\n<div class=\"wp-block-column is-layout-flow wp-block-column-is-layout-flow\">\n<p class=\"wp-block-pdfemb-pdf-embedder-viewer\"><\/p>\n<\/div>\n\n\n\n<div class=\"wp-block-column is-layout-flow wp-block-column-is-layout-flow\">\n<p class=\"wp-block-pdfemb-pdf-embedder-viewer\"><\/p>\n<\/div>\n\n\n\n<div class=\"wp-block-column is-layout-flow wp-block-column-is-layout-flow\">\n<p class=\"wp-block-pdfemb-pdf-embedder-viewer\"><\/p>\n<\/div>\n<\/div>\n\n\n\n<h2 class=\"wp-block-heading\"><strong>Grabaciones de Videoclases Unidad N\u00b0 4<\/strong>:<\/h2>\n\n\n\n<ul class=\"wp-block-list\"><li>Grabaci\u00f3n 12\/05\/2021 a partir del minuto 55:00: <a rel=\"noreferrer noopener\" href=\"https:\/\/scalelite.unsj.edu.ar\/playback\/presentation\/2.0\/playback.html?meetingId=743e3325856bea83caab43487d434ebc9b66f980-1620818722525\" target=\"_blank\"><strong>https:\/\/scalelite.unsj.edu.ar\/playback\/presentation\/2.0\/playback.html?meetingId=743e3325856bea83caab43487d434ebc9b66f980-1620818722525<\/strong><\/a><\/li><\/ul>\n\n\n\n<h2 class=\"wp-block-heading\"><strong>Grabaci\u00f3n de Videoclases Trabajo Pr\u00e1ctico N\u00b0 4<\/strong><\/h2>\n\n\n\n<ul class=\"wp-block-list\"><li>Grabaci\u00f3n 19\/05\/2021: <a rel=\"noreferrer noopener\" href=\"https:\/\/scalelite.unsj.edu.ar\/playback\/presentation\/2.0\/playback.html?meetingId=743e3325856bea83caab43487d434ebc9b66f980-1621423788638\" target=\"_blank\"><strong>https:\/\/scalelite.unsj.edu.ar\/playback\/presentation\/2.0\/playback.html?meetingId=743e3325856bea83caab43487d434ebc9b66f980-1621423788638<\/strong><\/a><\/li><li>Grabaci\u00f3n 26\/05\/2021: <a href=\"https:\/\/scalelite.unsj.edu.ar\/playback\/presentation\/2.0\/playback.html?meetingId=743e3325856bea83caab43487d434ebc9b66f980-1622028419651\"><strong>https:\/\/scalelite.unsj.edu.ar\/playback\/presentation\/2.0\/playback.html?meetingId=743e3325856bea83caab43487d434ebc9b66f980-1622028419651<\/strong><\/a><\/li><\/ul>\n","protected":false},"excerpt":{"rendered":"<p>D\u00cdAS Y HORARIO DE CLASE: Mi\u00e9rcoles 8.00hs a 10.30hs. Dictado Virtual, Sala BBB: https:\/\/conferencias.unsj.edu.ar\/b\/gab-v7f-ery HORARIOS DE CONSULTA DE EQUIPO DE C\u00c1TEDRA: Nombre y Apellido &nbsp; D\u00eda y hora de consulta &nbsp; Arq. Erica MINET BRAVO A confirmar D.I. Gabriel PENISI A confirmar Arq. P\u00eda Yanz\u00f3n A confirmar UNIDAD TEM\u00c1TICA N\u00b01 &#8211; 2021 TRABAJO PR\u00c1CTICO N\u00b01<\/p><\/div>\n<div class=\"blog-btn\"><a href=\"https:\/\/www.est-aplicada.faud.unsj.edu.ar\/index.php\/unidades-tematicas\/\" class=\"home-blog-btn\">Leer m\u00e1s<\/a><\/p>\n","protected":false},"author":1,"featured_media":0,"parent":0,"menu_order":0,"comment_status":"closed","ping_status":"closed","template":"","meta":{"_mc_calendar":[],"footnotes":""},"class_list":["post-50","page","type-page","status-publish","hentry"],"_links":{"self":[{"href":"https:\/\/www.est-aplicada.faud.unsj.edu.ar\/index.php\/wp-json\/wp\/v2\/pages\/50","targetHints":{"allow":["GET"]}}],"collection":[{"href":"https:\/\/www.est-aplicada.faud.unsj.edu.ar\/index.php\/wp-json\/wp\/v2\/pages"}],"about":[{"href":"https:\/\/www.est-aplicada.faud.unsj.edu.ar\/index.php\/wp-json\/wp\/v2\/types\/page"}],"author":[{"embeddable":true,"href":"https:\/\/www.est-aplicada.faud.unsj.edu.ar\/index.php\/wp-json\/wp\/v2\/users\/1"}],"replies":[{"embeddable":true,"href":"https:\/\/www.est-aplicada.faud.unsj.edu.ar\/index.php\/wp-json\/wp\/v2\/comments?post=50"}],"version-history":[{"count":82,"href":"https:\/\/www.est-aplicada.faud.unsj.edu.ar\/index.php\/wp-json\/wp\/v2\/pages\/50\/revisions"}],"predecessor-version":[{"id":784,"href":"https:\/\/www.est-aplicada.faud.unsj.edu.ar\/index.php\/wp-json\/wp\/v2\/pages\/50\/revisions\/784"}],"wp:attachment":[{"href":"https:\/\/www.est-aplicada.faud.unsj.edu.ar\/index.php\/wp-json\/wp\/v2\/media?parent=50"}],"curies":[{"name":"wp","href":"https:\/\/api.w.org\/{rel}","templated":true}]}}